{"id":9,"date":"2014-04-18T20:47:24","date_gmt":"2014-04-18T20:47:24","guid":{"rendered":"http:\/\/viedeherisson.wordpress.com\/?page_id=1"},"modified":"2019-10-06T07:42:46","modified_gmt":"2019-10-06T05:42:46","slug":"about","status":"publish","type":"page","link":"http:\/\/viedeherisson.com\/index.php\/about\/","title":{"rendered":"A propos Alba"},"content":{"rendered":"<h5 style=\"text-align: center;\"><span style=\"color: #000000;\">\u00a0 \u00a0 \u00a0 \u00a0 \u00a0 \u00a0 \u00a0 \u00a0 \u00a0 \u00a0 \u00a0 \u00a0 \u00a0 \u00a0 \u00a0 \u00a0 \u00a0 \u00a0 \u00a0 \u00a0 \u00a0 \u00a0 \u00a0 \u00a0 \u00a0 \u00a0 \u00a0 <\/span><span style=\"color: #000000;\">Bienvenue!<\/span><\/h5>\n<p style=\"text-align: left;\"><span style=\"color: #000000;\"><img loading=\"lazy\" decoding=\"async\" class=\"alignleft wp-image-6570\" title=\"Vie de herisson\" src=\"https:\/\/i1.wp.com\/viedeherisson.com\/wp-content\/uploads\/2017\/05\/PA041738-e1494506483127-683x1024.jpg?resize=300%2C450\" alt=\"\" width=\"300\" height=\"450\" data-recalc-dims=\"1\" \/><\/span><\/p>\n<p style=\"text-align: left;\">Moi c\u2019est Alba ou l\u2019herisson pour les\u00a0intimes. J\u2019ai cr\u00e9\u00e9 ce blog pour partager avec des inconnus \u00a0ma passion pour les cosm\u00e9tiques et la nourriture\u00a0mais comme j\u2019aime \u00e0 la folie d\u2019autres choses comme les voyages je m\u2019\u00e9gare sur d\u2019autres sujets.<\/p>\n<p style=\"text-align: left;\">Ancienne \u00e9tudiante en droit je suis me re-orient\u00e9e vers le marketing; mais de \u00e7a je n\u2019en parle pas sur ce blog car c\u2019est moins amusant que de pr\u00e9senter mes caf\u00e9s de sp\u00e9cialit\u00e9 favoris.<\/p>\n<p style=\"text-align: left;\">A 25 ans, j\u2019ai encore quelques boutons d&rsquo;acn\u00e9 que je traite \u00e0 l\u2019aide d\u2019Epiduo gel. J\u2019ai une peau mixte que je soigne \u00e0 grand coup de pschit de serozinc. Je parle de tous ces soucis dans mes articles et j\u2019esp\u00e8re que cela vous aidera si vous souffrez des m\u00eames maux que moi.<\/p>\n<p>Johanna AKA Jojo fait des interventions fr\u00e9quentes sur le blog pour partager avec nous son savoir en mati\u00e8re de cosm\u00e9tiques. Si vous voulez tout savoir sur les cheveux, allez lire ses articles !<\/p>\n<p style=\"text-align: center;\">Bonne lecture<\/p>\n<p style=\"text-align: center;\"><span style=\"color: #000000;\"><em>pour me contacter<\/em>: \u00a0 albamaione@gmail.com<\/span><\/p>\n","protected":false},"excerpt":{"rendered":"<p>\u00a0 \u00a0 \u00a0 \u00a0 \u00a0 \u00a0 \u00a0 \u00a0 \u00a0 \u00a0 \u00a0 \u00a0 \u00a0 \u00a0 \u00a0 \u00a0 \u00a0 \u00a0 \u00a0 \u00a0 \u00a0 \u00a0 \u00a0 \u00a0 \u00a0 \u00a0 \u00a0 Bienvenue! Moi c\u2019est Alba ou l\u2019herisson pour les\u00a0intimes. J\u2019ai cr\u00e9\u00e9 ce blog pour [&hellip;]<\/p>\n","protected":false},"author":1,"featured_media":0,"parent":0,"menu_order":0,"comment_status":"open","ping_status":"open","template":"","meta":{"spay_email":"","footnotes":""},"jetpack_sharing_enabled":true,"jetpack_shortlink":"https:\/\/wp.me\/P8rtp8-9","_links":{"self":[{"href":"http:\/\/viedeherisson.com\/index.php\/wp-json\/wp\/v2\/pages\/9"}],"collection":[{"href":"http:\/\/viedeherisson.com\/index.php\/wp-json\/wp\/v2\/pages"}],"about":[{"href":"http:\/\/viedeherisson.com\/index.php\/wp-json\/wp\/v2\/types\/page"}],"author":[{"embeddable":true,"href":"http:\/\/viedeherisson.com\/index.php\/wp-json\/wp\/v2\/users\/1"}],"replies":[{"embeddable":true,"href":"http:\/\/viedeherisson.com\/index.php\/wp-json\/wp\/v2\/comments?post=9"}],"version-history":[{"count":10,"href":"http:\/\/viedeherisson.com\/index.php\/wp-json\/wp\/v2\/pages\/9\/revisions"}],"predecessor-version":[{"id":7429,"href":"http:\/\/viedeherisson.com\/index.php\/wp-json\/wp\/v2\/pages\/9\/revisions\/7429"}],"wp:attachment":[{"href":"http:\/\/viedeherisson.com\/index.php\/wp-json\/wp\/v2\/media?parent=9"}],"curies":[{"name":"wp","href":"https:\/\/api.w.org\/{rel}","templated":true}]}}